{"id":6159,"date":"2018-11-25T12:52:33","date_gmt":"2018-11-25T11:52:33","guid":{"rendered":"http:\/\/localhost:8888\/nathan\/brossy\/?page_id=6159"},"modified":"2024-04-18T17:57:40","modified_gmt":"2024-04-18T15:57:40","slug":"mentions-legales","status":"publish","type":"page","link":"https:\/\/bplusa.eu\/fr\/mentions-legales\/","title":{"rendered":"Mentions l\u00e9gales"},"content":{"rendered":"<p>[vc_row][vc_column][vc_column_text]<\/p>\n<h3><strong>Le contenu de ce site Internet est fourni par :<\/strong><\/h3>\n<p><strong>B+A Architectes<\/strong><\/p>\n<p>SAS au capital de 15 000 \u20ac<\/p>\n<p>Inscrite au RCS de Paris sous le num\u00e9ro 485 362 560<\/p>\n<p>Si\u00e8ge social : 61 avenue Philippe Auguste &#8211; 75011 Paris<\/p>\n<p>Tel : 01 40 18 72 72<\/p>\n<p>Email : info@bplusa.eu<\/p>\n<p>&nbsp;<\/p>\n<h3>H\u00e9bergement<\/h3>\n<p>Ce site Internet est h\u00e9berg\u00e9e par OVH SARL<\/p>\n<p>140, quai du Sartel<\/p>\n<p>59100 ROUBAIX<\/p>\n<p>Tel : 0 899 701 761<\/p>\n<p>Fax : 03 20 20 09 58<\/p>\n<p>Email :\u00a0support@ovh.com<\/p>\n<p>&nbsp;<\/p>\n<h1>Conditions G\u00e9n\u00e9rales du pr\u00e9sent site Internet<\/h1>\n<p>Le Site \u00ab<strong>B+A Architectes<\/strong>\u00bb consultable \u00e0 l\u2019adresse www.brossy.com (ci-apr\u00e8s d\u00e9nomm\u00e9 \u00a0\u00bb le Site\u00a0\u00bb) vous est propos\u00e9 sous certaines conditions, que vous vous engagez \u00e0 conna\u00eetre et respecter. Ces conditions d\u2019utilisation sont d\u00e9finies dans le pr\u00e9sent document. L\u2019utilisation, la consultation du Site est limit\u00e9e \u00e0 des fins personnelles et non commerciales. D\u2019une fa\u00e7on g\u00e9n\u00e9rale, vous vous interdisez d\u2019utiliser tout ou partie du Site \u00e0 des fins illicites (droits d\u2019auteur) ou contraires aux pr\u00e9sentes conditions d\u2019utilisation.<\/p>\n<h1>Droits d\u2019auteurs et copyrights sur le Site<\/h1>\n<p>Toute repr\u00e9sentation ou reproduction int\u00e9grale ou partielle des \u00e9l\u00e9ments du Site est interdite.<\/p>\n<p>Toutes les informations reproduites dans ce site web (textes, photos, logos&#8230;) sont prot\u00e9g\u00e9es par des droits de propri\u00e9t\u00e9 intellectuelle d\u00e9tenus par <strong>B+A Architectes<\/strong> ou par ses partenaires.<br \/>\nPar cons\u00e9quent, aucune de ces informations ne peut \u00eatre reproduite, modifi\u00e9e, rediffus\u00e9e, traduite, exploit\u00e9e commercialement ou r\u00e9utilis\u00e9e de quelque mani\u00e8re que ce soit sans l&rsquo;accord pr\u00e9alable et \u00e9crit de l&rsquo;agence <strong>B+A Architectes<\/strong>.<br \/>\nLe titre, la conception, la forme du Site mais aussi son contenu tels que les actualit\u00e9s, descriptions, illustrations, images fixes ou anim\u00e9es\u2026 et leur organisation, ainsi que toute compilation de logiciels, code source fondamental et autres \u00e9l\u00e9ments contenus sur le Site sont la propri\u00e9t\u00e9 de <strong>B+A Architectes<\/strong>.<\/p>\n<p>L\u2019utilisation du Site n\u2019implique en aucun cas et d\u2019aucune mani\u00e8re une quelconque cession de droits, ceux-ci demeurant la propri\u00e9t\u00e9 exclusive de la soci\u00e9t\u00e9 \u00e9ditrice ou de leurs auteurs originaux.<\/p>\n<p>Toute utilisation frauduleuse de tout ou partie du Site pourra donner lieu \u00e0 des poursuites.<\/p>\n<h1>Responsabilit\u00e9s r\u00e9dactionnelles sur le site Internet<\/h1>\n<p>Le Site met \u00e0 disposition des internautes des espaces d\u2019expressions avec la possibilit\u00e9 de publier des avis personnels sur les contenus pr\u00e9sent\u00e9s sur le Site, ainsi que la possibilit\u00e9 de r\u00e9f\u00e9rencer d\u2019autre sites ou forums. Les donn\u00e9es qui y figurent ne peuvent \u00eatre collect\u00e9es ou utilis\u00e9es \u00e0 d\u2019autres fins.<br \/>\nTous les messages post\u00e9s sur ces espaces d\u2019expression expriment les id\u00e9es de leurs auteurs respectifs. Cependant, le Site \u00e9tant responsable du contenu de ces espaces, les responsables sont donc susceptibles de d\u00e9placer sur une page plus appropri\u00e9e, supprimer ou simplement ne pas publier les contributions qui ne seraient pas en relation avec la ligne \u00e9ditoriale du site, qui seraient r\u00e9pr\u00e9hensibles, contraires \u00e0 la loi, ou non conformes \u00e0 ces pr\u00e9sentes Conditions G\u00e9n\u00e9rales d\u2019Utilisation, et s\u2019engagent \u00e0 le faire aussi rapidement que possible.<\/p>\n<p>Sur ce site Internet la transmission de contenus mentionn\u00e9s ci-dessous est rigoureusement interdite.<\/p>\n<p>Ainsi, les participants garantissent ne pas transmettre de contenus :<br \/>\n&#8211; au caract\u00e8re publicitaire d\u00e9guis\u00e9 ;<br \/>\n&#8211; au caract\u00e8re mensonger ou erron\u00e9 ;<br \/>\n&#8211; susceptibles de constituer une violation des droits de la propri\u00e9t\u00e9 litt\u00e9raire, artistique, des marques et industrielle ou d\u2019autres droits de tiers, tels le droit \u00e0 l\u2019image et le droit au respect de la vie priv\u00e9e ;<br \/>\n&#8211; \u00e0 caract\u00e8re injurieux, diffamatoire, calomnieux, raciste, x\u00e9nophobe, r\u00e9visionniste ou portant atteinte \u00e0 l\u2019honneur ou la r\u00e9putation d\u2019autrui. Incitant \u00e0 la discrimination, \u00e0 la haine d\u2019une personne ou d\u2019un groupe de personnes en raison de leur origine ou de leur appartenance ou de leur non-appartenance \u00e0 une ethnie, une nation, une race ou une religion d\u00e9termin\u00e9e ;<br \/>\n&#8211; mena\u00e7ant une personne ou un groupe de personnes ;<br \/>\n&#8211; portant atteinte \u00e0 l\u2019ordre public, passibles de poursuites civiles ou p\u00e9nales, ou de nature diffamatoire ; au caract\u00e8re anticonstitutionnel, extr\u00e9miste ou \u00e9manant de groupes interdits par la loi ; incitant \u00e0 un d\u00e9lit, au crime, au suicide et aux actes de terrorisme ou faisant l\u2019apologie des crimes, des actes de terrorisme, des crimes de guerre ou des crimes contre l\u2019humanit\u00e9 ; au caract\u00e8re pornographique, contraires aux bonnes m\u0153urs ou attentatoires \u00e0 la dignit\u00e9 humaine ;<br \/>\n&#8211; permettant \u00e0 des tiers de se procurer directement ou indirectement des logiciels pirat\u00e9s, des num\u00e9ros de s\u00e9rie de logiciels, des logiciels permettant les actes de piratage et d\u2019intrusion dans les syst\u00e8mes informatiques et de t\u00e9l\u00e9communication, et d\u2019une mani\u00e8re g\u00e9n\u00e9rale tout outil logiciel ou autre permettant de porter atteinte aux droits d\u2019autrui et \u00e0 la s\u00e9curit\u00e9 des personnes et des biens ;<br \/>\n&#8211; comprenant des virus ou toute autre application qui serait de nature \u00e0 perturber ou \u00e0 endommager, les logiciels, le mat\u00e9riel informatique et les ordinateurs du Site ou de ses utilisateurs ;<\/p>\n<p>L\u2019utilisateur s\u2019engage \u00e0 respecter l\u2019image et la r\u00e9putation du Site et \u00e0 ne pas se livrer \u00e0 des d\u00e9clarations et\/ou des actions quelconques portant atteinte au Site.<br \/>\nEn cas d\u2019atteinte aux lois en vigueur, aux bonnes m\u0153urs, aux conditions pr\u00e9sentes d\u2019utilisation ou pour toute autre raison librement interpr\u00e9t\u00e9e, le Site se r\u00e9serve le droit de fermer ses espaces d\u2019expression pour une dur\u00e9e limit\u00e9e ou d\u00e9finitive et d\u2019en supprimer les informations et les renvois \u00e0 ces informations.<br \/>\nLe Site se r\u00e9serve la possibilit\u00e9 discr\u00e9tionnaire de publier ou non vos avis ou sites Internet sur ses espaces d\u2019expression, de les modifier, de les adapter ou de les traduire en toute langue sous toutes formes et sur tous supports, de les conserver en ligne ou de les supprimer \u00e0 tout moment et sans avoir \u00e0 vous en tenir inform\u00e9.<\/p>\n<h1>Garanties sur le site Internet<\/h1>\n<p>Alors m\u00eame que le Site a effectu\u00e9 les d\u00e9marches n\u00e9cessaires pour s\u2019assurer de la fiabilit\u00e9 des informations, services ou logiciels contenus sur ce Site, il ne saurait \u00eatre tenu pour responsable d\u2019erreurs, d\u2019omissions, de virus ou des r\u00e9sultats qui pourraient \u00eatre obtenus par un mauvais usage de ceux-ci. Le Site n\u2019est en effet tenu que d\u2019une simple obligation de moyens.<br \/>\nL\u2019utilisateur d\u00e9clare et garantit qu\u2019il conna\u00eet parfaitement les caract\u00e9ristiques et les contraintes de l\u2019Internet, et notamment que les transmissions de donn\u00e9es et d\u2019informations sur l\u2019Internet ne b\u00e9n\u00e9ficient que d\u2019une fiabilit\u00e9 technique relative, celles-ci circulant sur des r\u00e9seaux h\u00e9t\u00e9rog\u00e8nes aux caract\u00e9ristiques et capacit\u00e9s techniques diverses, qui perturbent l\u2019acc\u00e8s ou le rendent impossible \u00e0 certaines p\u00e9riodes.<\/p>\n<p>Le Site s\u2019efforce de maintenir accessible ses pages 7 jours sur 7 et 24 heures sur 24, mais n\u2019est tenu \u00e0 aucune obligation d\u2019y parvenir. Il peut donc en interrompre l\u2019acc\u00e8s, notamment pour des raisons de maintenance et de mise \u00e0 niveau. L\u2019acc\u00e8s peut \u00e9galement \u00eatre interrompu pour toute autre raison. Le Site n\u2019est en aucun cas responsable de l\u2019int\u00e9gralit\u00e9 de ces interruptions et des cons\u00e9quences qui peuvent en d\u00e9couler pour l\u2019utilisateur ou tout tiers. Il est rappel\u00e9 par ailleurs que le Site peut mettre fin ou modifier les caract\u00e9ristiques de ses pages et de son espace d\u2019expression \u00e0 tout moment, et cela sans pr\u00e9avis.<\/p>\n<p>En aucun cas le Site ne saura \u00eatre tenu pour responsable d\u2019une perte de donn\u00e9es ou d\u2019une d\u00e9t\u00e9rioration li\u00e9e \u00e0 ces donn\u00e9es. Toute information ou conseil fourni par le Site ne saurait \u00eatre interpr\u00e9t\u00e9 comme une quelconque garantie. Par ailleurs des liens hypertextes peuvent conduire \u00e0 une consultation de sites ext\u00e9rieurs g\u00e9r\u00e9s par des tiers. Sur ces sites web, le Site n\u2019a aucun contr\u00f4le et n\u2019assume aucune responsabilit\u00e9 quant \u00e0 leurs contenus.<\/p>\n<h1>Cookies sur le site Internet<\/h1>\n<p>Afin de proc\u00e9der \u00e0 des statistiques (ex : estimation de la fr\u00e9quentation du site), \u00e0 l\u2019am\u00e9lioration de votre navigation (ex : privil\u00e9gier ou d\u00e9velopper l\u2019optimisation de notre site pour tel navigateur et tel type d\u2019affichage) et pour des raisons de s\u00e9curit\u00e9 (ex : pouvoir d\u00e9terminer l\u2019origine de spam), nous pouvons \u00eatre amen\u00e9s \u00e0 collecter des donn\u00e9es vous concernant, que ce soit par exemple votre adresse IP ou vos variables d\u2019environnement par l\u2019utilisation de \u00ab cookies \u00bb.<br \/>\nUn \u00ab\u00a0cookie\u00a0\u00bb est un bloc de donn\u00e9es envoy\u00e9 \u00e0 votre navigateur par un serveur web et stock\u00e9 sur le disque dur de votre ordinateur. Un ou plusieurs \u00ab\u00a0cookies\u00a0\u00bb peuvent \u00eatre plac\u00e9s de mani\u00e8re anonyme sur le disque dur de votre ordinateur. Ces cookies ne comportent aucune information \u00e0 caract\u00e8re priv\u00e9, ou qui puisse permettre de vous identifier. Ils permettent simplement au Site d\u2019am\u00e9liorer les services propos\u00e9s.<br \/>\nL\u2019utilisation des cookies est optionnelle, mais recommand\u00e9e. Vous pouvez n\u00e9anmoins bien entendu vous opposer \u00e0 leur pr\u00e9sence et les refuser et supprimer. A cette fin, consultez les fichiers d\u2019aide de votre navigateur.<\/p>\n<h1>Dispositions diverses sur le site Internet<\/h1>\n<p>Dans la mesure o\u00f9 une disposition des pr\u00e9sentes Conditions G\u00e9n\u00e9rales d\u2019Utilisation viendrait \u00e0 perdre sa validit\u00e9 ou si ces derni\u00e8res devaient contenir une lacune, la disposition en question serait remplac\u00e9e par celle qui s\u2019en rapprocherait le plus du point de vue de l\u2019interpr\u00e9tation juridique. Vous n\u2019\u00eates pas satisfait de tout ou partie de ce site, sa newsletter ou son espace d\u2019expression, ou si vous \u00eates en d\u00e9saccord avec les pr\u00e9sentes Conditions G\u00e9n\u00e9rales d\u2019Utilisation, votre seul recours consiste \u00e0 cesser d\u2019utiliser le Site et si vous \u00eates inscrit \u00e0 notre newsletter, consiste \u00e0 vous d\u00e9sinscrire en envoyant un mail \u00e0 l&rsquo;adresse\u00a0<a href=\"mailto:agence@brossy.com\" target=\"_blank\" rel=\"noopener noreferrer\">info@bplusa.eu<\/a><\/p>\n<p>Votre navigation sur le Site, ou utilisation g\u00e9n\u00e9rale du Site implique que vous ayez connaissance des pr\u00e9sentes Conditions G\u00e9n\u00e9rales d\u2019Utilisation, et de votre pleine et enti\u00e8re acceptation de ces derni\u00e8res.<br \/>\nLes pr\u00e9sentes Conditions G\u00e9n\u00e9rales d\u2019Utilisation sont r\u00e9gies et interpr\u00e9t\u00e9es selon le droit fran\u00e7ais.<br \/>\nPour toute question concernant ces pr\u00e9sentes Conditions G\u00e9n\u00e9rales d\u2019Utilisation, ou question ou remarque sur le Site, contactez nous.[\/vc_column_text][\/vc_column][\/vc_row]<\/p>\n","protected":false},"excerpt":{"rendered":"<p>[vc_row][vc_column][vc_column_text] Le contenu de ce site Internet est fourni par : B+A Architectes SAS au capital de 15 000 \u20ac Inscrite au RCS de Paris sous le num\u00e9ro 485 362 560 Si\u00e8ge social : 61 avenue Philippe Auguste &#8211; 75011 Paris Tel : 01 40 18 72 72 Email : info@bplusa.eu &nbsp; H\u00e9bergement Ce site&hellip;<\/p>\n","protected":false},"author":1,"featured_media":0,"parent":0,"menu_order":0,"comment_status":"closed","ping_status":"closed","template":"","meta":[],"_links":{"self":[{"href":"https:\/\/bplusa.eu\/fr\/wp-json\/wp\/v2\/pages\/6159\/"}],"collection":[{"href":"https:\/\/bplusa.eu\/fr\/wp-json\/wp\/v2\/pages\/"}],"about":[{"href":"https:\/\/bplusa.eu\/fr\/wp-json\/wp\/v2\/types\/page\/"}],"author":[{"embeddable":true,"href":"https:\/\/bplusa.eu\/fr\/wp-json\/wp\/v2\/users\/1\/"}],"replies":[{"embeddable":true,"href":"https:\/\/bplusa.eu\/fr\/wp-json\/wp\/v2\/comments\/?post=6159"}],"version-history":[{"count":9,"href":"https:\/\/bplusa.eu\/fr\/wp-json\/wp\/v2\/pages\/6159\/revisions\/"}],"predecessor-version":[{"id":11497,"href":"https:\/\/bplusa.eu\/fr\/wp-json\/wp\/v2\/pages\/6159\/revisions\/11497\/"}],"wp:attachment":[{"href":"https:\/\/bplusa.eu\/fr\/wp-json\/wp\/v2\/media\/?parent=6159"}],"curies":[{"name":"wp","href":"https:\/\/api.w.org\/{rel}","templated":true}]}}