{"id":2359,"date":"2018-03-13T11:22:09","date_gmt":"2018-03-13T11:22:09","guid":{"rendered":"http:\/\/demo-content.kaliumtheme.com\/architecture\/?page_id=2359"},"modified":"2025-01-23T12:59:07","modified_gmt":"2025-01-23T11:59:07","slug":"agence","status":"publish","type":"page","link":"https:\/\/bplusa.eu\/fr\/agence\/","title":{"rendered":"Agence"},"content":{"rendered":"<p>[vc_row][vc_column][rev_slider_vc alias=\u00a0\u00bbagence\u00a0\u00bb][\/vc_column][\/vc_row][vc_row][vc_column][vc_raw_html]JTNDJTIxLS1lcXVpcGUtLSUzRQ==[\/vc_raw_html][\/vc_column][\/vc_row][vc_row css=\u00a0\u00bb.vc_custom_1544370877565{margin-top: 0px !important;}\u00a0\u00bb el_class=\u00a0\u00bbbloc-90&Prime;][vc_column width=\u00a0\u00bb1\/3&Prime; el_class=\u00a0\u00bbagence-plus\u00a0\u00bb][vc_column_text]<\/p>\n<h1 class=\"p1\"><strong>MA\u00ceTRES D&rsquo;OUVRAGES<\/strong><\/h1>\n<p>&nbsp;<\/p>\n<p>ALTAREA COGEDIM<\/p>\n<p>APIJ<\/p>\n<p>BNP PARIBAS IMMOBILIER<\/p>\n<p>CAISSE PRIMAIRE D&rsquo;ASSURANCE MALADIE DE L&rsquo;AIN<\/p>\n<p>CHAMBRE DES METIERS ET DE L\u2019ARTISANAT<\/p>\n<p>CILOVA<\/p>\n<p>COFFIM<\/p>\n<p>COMEDIE FRAN\u00c7AISE<\/p>\n<p>COMMUNAUTE URBAINE DE LILLE<\/p>\n<p>COMMUNE DE BRIVE LA GAILLARDE<\/p>\n<p>CONSEIL DEPARTEMENTAL DES YVELINES<\/p>\n<p>CONSEIL DEPARTEMENTAL DE LA VIENNE<\/p>\n<p>CONSEIL GENERAL DE LA MOSELLE<\/p>\n<p>CONSEIL GENERAL DE LA SOMME<\/p>\n<p>CREDIT AGRICOLE IMMOBILIER<\/p>\n<p>DEMATHIEU BARD IMMOBILIER<\/p>\n<p>EAU DE PARIS<\/p>\n<p>EMERIGE<\/p>\n<p>ERISMA<\/p>\n<p>ESSONNE HABITAT<\/p>\n<p>FONCIERE DE L\u2019ERABLE<\/p>\n<p>HOPITAL DE RUE<\/p>\n<p>HOPITAL DU NEUBOURG<\/p>\n<p>ICADE PROMOTION<\/p>\n<p>KAUFMAN &amp; BROAD<\/p>\n<p>LA FRAN\u00c7AISE<\/p>\n<p>LA RANCE &#8211; GROUPE ACTION LOGEMENT<\/p>\n<p>LERICHEMONT<\/p>\n<p>LINKCITY ILE DE FRANCE<\/p>\n<p>LOGIREP<\/p>\n<p>MINISTERE DE LA CULTURE \/ OPPIC<\/p>\n<p>MINISTERE DE LA JUSTICE<\/p>\n<p>NACARAT<\/p>\n<p>NEXITY<\/p>\n<p>OGIC<\/p>\n<p>PARIS HABITAT OPH<\/p>\n<p>PERL<\/p>\n<p>PITCH PROMOTION IMMOBILIER<\/p>\n<p>PREFECTURE DE POLICE DE PARIS<\/p>\n<p>PROCILIA<\/p>\n<p>QUARTUS<\/p>\n<p>REGION ILE DE FRANCE<\/p>\n<p>RESIDE ETUDES<\/p>\n<p>RIVP<\/p>\n<p>SCHRODER<\/p>\n<p>SEFRI CIME<\/p>\n<p>SEMAEST<\/p>\n<p>SEMDO<\/p>\n<p>SEMPARISEINE<\/p>\n<p>SNI<\/p>\n<p>SORELI<\/p>\n<p>SPIE BATIGNOLLES IMMOBILIER<\/p>\n<p>SPL ALES CEVENNES<\/p>\n<p>SPLM SOCIETE PUBLIQUE LOCAL MEDITERRANEE<\/p>\n<p>TERRALIA<\/p>\n<p>VILLE D&rsquo;ASNIERES-SUR-SEINE<\/p>\n<p>VILLE DE BLOIS<\/p>\n<p>VILLE DE BOBIGNY<\/p>\n<p>VILLE DE CAMBRAI<\/p>\n<p>VILLE DE DIJON<\/p>\n<p>VILLE DE FONTENAY LE COMTE<\/p>\n<p>VILLE DE FRANCONVILLE<\/p>\n<p>VILLE DE LA GARENNE-COLOMBES<\/p>\n<p>VILLE DE NANCY<\/p>\n<p>VILLE D&rsquo;ORLEANS<\/p>\n<p>VILLE DE PARIS<\/p>\n<p>VILLE DE PUTEAUX[\/vc_column_text][\/vc_column][vc_column width=\u00a0\u00bb1\/3&Prime; el_class=\u00a0\u00bbagence-plus\u00a0\u00bb][vc_column_text]<\/p>\n<h1 class=\"p1\"><strong>Partenaires<\/strong><\/h1>\n<p>&nbsp;<\/p>\n<p>AAVP ATELIER D&rsquo;ARCHITECTURE VINCENT PARREIRA<\/p>\n<p>ALAIN-CHARLES PERROT \u2013\u00a0ACMH<\/p>\n<p>ATELIER L2<\/p>\n<p>AUER + WEBER + ASSOZIIERTE<\/p>\n<p>BAAS ARQUITERCTURA<\/p>\n<p>BAITO<\/p>\n<p>BULLE ARCHITECTES<\/p>\n<p>CRE&rsquo;ATURE ARCHITECTES<\/p>\n<p>GOUTAL ET CLEMENT<\/p>\n<p>INTRAMUROS<\/p>\n<p>LAGNEAU ARCHITECTES<\/p>\n<p>NIETO SOBEJANO ARQUITECTOS<\/p>\n<p>STERENN ARCHITECTURE<\/p>\n<p>TAUTEM ARCHITECTURE<\/p>\n<p>&nbsp;<\/p>\n<p>&nbsp;<\/p>\n<p>AB ENVIRONNEMENT<\/p>\n<p>ACOUSTIBEL<\/p>\n<p>ACTION-ERGO<\/p>\n<p>AGENCE BABYLONE<\/p>\n<p>ALTEREA INGENIERIE<\/p>\n<p>ALTERNATIVE<\/p>\n<p>ALTHING<\/p>\n<p>ALTO INGENIERIE<\/p>\n<p>AMOPRIM<\/p>\n<p>AMODEV<\/p>\n<p>ANDRE VERDIER<\/p>\n<p>ANTEA GROUPE<\/p>\n<p>ARTSCENO<\/p>\n<p>ASCIA INGENIERIE<\/p>\n<p>ASTELL<\/p>\n<p>ATELIER ALICE TRICON<\/p>\n<p>ATELIER ROUCH<\/p>\n<p>ATELIERS 59<\/p>\n<p>B3E<\/p>\n<p>BATISERF ING\u00c9NIERIE<\/p>\n<p>BET DURAND<\/p>\n<p>BET LAMOUR<\/p>\n<p>BETHAC<\/p>\n<p>BMC<\/p>\n<p>BMF<\/p>\n<p>BOLLINGER+GROHMANN<\/p>\n<p>CAP PAYSAGE<\/p>\n<p>CAPET INGENIERIE<\/p>\n<p>CARDO ARCHITECTURE ET PAYSAGE<\/p>\n<p>CET INGENIERIE<\/p>\n<p>CET VARNIER<\/p>\n<p>CLARITY<\/p>\n<p>CL DESIGN<\/p>\n<p>CHANGEMENT A VUE<\/p>\n<p>CICAD CONSULTANTS \u2013\u00a0OPC<\/p>\n<p>CLIC<\/p>\n<p>ECHOS<\/p>\n<p>ECO+CONSTRUIRE<\/p>\n<p>ECR ENVIRONNEMENT<\/p>\n<p>EMENDA<\/p>\n<p>EODD INGENIEURS CONSEILS<\/p>\n<p>ETAMINE<\/p>\n<p>EUROELEC<\/p>\n<p>GANTHA<\/p>\n<p>GEOTHER<\/p>\n<p>GRSP<\/p>\n<p>HDM ING\u00c9NIERIE<\/p>\n<p>HOMM<\/p>\n<p>IMPACT<\/p>\n<p>INGEROP<\/p>\n<p>INTECH<\/p>\n<p>KIWEE<\/p>\n<p>LASA<\/p>\n<p>LMPR<\/p>\n<p>ME2CO<\/p>\n<p>M&amp;H ING\u00c9NIERIE<\/p>\n<p>ODETEC<\/p>\n<p>OREGON<\/p>\n<p>ORFEA<\/p>\n<p>QUADRIM CONSEILS<\/p>\n<p>SAS MIZRAHI<\/p>\n<p>SCENARCHIE<\/p>\n<p>SFICA<\/p>\n<p>SILLAGE<\/p>\n<p>SLG PAYSAGE<\/p>\n<p>SXD &#8211; BIM<\/p>\n<p>TPF INGENIERIE<\/p>\n<p>2IDF<\/p>\n<p>8&rsquo;18\u00a0\u00bb<\/p>\n<p>[\/vc_column_text][\/vc_column][vc_column width=\u00a0\u00bb1\/3&Prime; el_class=\u00a0\u00bbagence-plus\u00a0\u00bb][vc_column_text]<\/p>\n<h1 class=\"p1\"><strong>Moyens<\/strong><\/h1>\n<p>&nbsp;<\/p>\n<p class=\"p1\">Les moyens informatiques de l&rsquo;agence sont renouvel\u00e9s en permanence et tenus \u00e0 jour de fa\u00e7on \u00e0 correspondre \u00e0 des standards \u00e9lev\u00e9s de d\u00e9finition graphique, traitement d&rsquo;images et communication.<\/p>\n<p>&nbsp;<\/p>\n<p class=\"p1\">En dehors des fonctionnalit\u00e9s bureautiques courantes, l&rsquo;ensemble des traitements graphiques s&rsquo;effectuent sous Archicad, Suite Adobe, Artlantis, 3DS, BIM programme.<\/p>\n<p>&nbsp;<\/p>\n<p class=\"p1\">Le r\u00e9seau interne permet le travail partag\u00e9 sur les diff\u00e9rents dossiers en temps r\u00e9el, l&rsquo;organisation, l&rsquo;archivage et la sauvegarde, la gestion de la qualit\u00e9.<\/p>\n<p>&nbsp;<\/p>\n<p class=\"p1\">Tous ces traitements sont compatibles pour la communication avec l&rsquo;ensemble de nos partenaires ext\u00e9rieurs.<\/p>\n<p>[\/vc_column_text][\/vc_column][\/vc_row]<\/p>\n","protected":false},"excerpt":{"rendered":"<p>[vc_row][vc_column][rev_slider_vc alias=\u00a0\u00bbagence\u00a0\u00bb][\/vc_column][\/vc_row][vc_row][vc_column][vc_raw_html]JTNDJTIxLS1lcXVpcGUtLSUzRQ==[\/vc_raw_html][\/vc_column][\/vc_row][vc_row css=\u00a0\u00bb.vc_custom_1544370877565{margin-top: 0px !important;}\u00a0\u00bb el_class=\u00a0\u00bbbloc-90&Prime;][vc_column width=\u00a0\u00bb1\/3&Prime; el_class=\u00a0\u00bbagence-plus\u00a0\u00bb][vc_column_text] MA\u00ceTRES D&rsquo;OUVRAGES &nbsp; ALTAREA COGEDIM APIJ BNP PARIBAS IMMOBILIER CAISSE PRIMAIRE D&rsquo;ASSURANCE MALADIE DE L&rsquo;AIN CHAMBRE DES METIERS ET DE L\u2019ARTISANAT CILOVA COFFIM COMEDIE FRAN\u00c7AISE COMMUNAUTE URBAINE DE LILLE COMMUNE DE BRIVE LA GAILLARDE CONSEIL DEPARTEMENTAL DES YVELINES CONSEIL DEPARTEMENTAL DE LA VIENNE CONSEIL GENERAL DE LA&hellip;<\/p>\n","protected":false},"author":1,"featured_media":11326,"parent":0,"menu_order":0,"comment_status":"open","ping_status":"closed","template":"","meta":[],"_links":{"self":[{"href":"https:\/\/bplusa.eu\/fr\/wp-json\/wp\/v2\/pages\/2359\/"}],"collection":[{"href":"https:\/\/bplusa.eu\/fr\/wp-json\/wp\/v2\/pages\/"}],"about":[{"href":"https:\/\/bplusa.eu\/fr\/wp-json\/wp\/v2\/types\/page\/"}],"author":[{"embeddable":true,"href":"https:\/\/bplusa.eu\/fr\/wp-json\/wp\/v2\/users\/1\/"}],"replies":[{"embeddable":true,"href":"https:\/\/bplusa.eu\/fr\/wp-json\/wp\/v2\/comments\/?post=2359"}],"version-history":[{"count":69,"href":"https:\/\/bplusa.eu\/fr\/wp-json\/wp\/v2\/pages\/2359\/revisions\/"}],"predecessor-version":[{"id":11733,"href":"https:\/\/bplusa.eu\/fr\/wp-json\/wp\/v2\/pages\/2359\/revisions\/11733\/"}],"wp:featuredmedia":[{"embeddable":true,"href":"https:\/\/bplusa.eu\/fr\/wp-json\/wp\/v2\/media\/11326\/"}],"wp:attachment":[{"href":"https:\/\/bplusa.eu\/fr\/wp-json\/wp\/v2\/media\/?parent=2359"}],"curies":[{"name":"wp","href":"https:\/\/api.w.org\/{rel}","templated":true}]}}