{"id":2261,"date":"2018-03-12T16:17:44","date_gmt":"2018-03-12T16:17:44","guid":{"rendered":"http:\/\/demo-content.kaliumtheme.com\/architecture\/?page_id=2261"},"modified":"2021-11-04T16:12:43","modified_gmt":"2021-11-04T15:12:43","slug":"contact","status":"publish","type":"page","link":"https:\/\/bplusa.eu\/fr\/contact\/","title":{"rendered":"Contact"},"content":{"rendered":"<p>[vc_row gap=\u00a0\u00bb30&Prime; css=\u00a0\u00bb.vc_custom_1545052928980{margin-top: 0px !important;}\u00a0\u00bb][vc_column width=\u00a0\u00bb1\/2&Prime;][lab_contact_form name_title=\u00a0\u00bbNOM PR\u00c9NOM :\u00a0\u00bb email_title=\u00a0\u00bbE-MAIL :\u00a0\u00bb message_title=\u00a0\u00bbMESSAGE :\u00a0\u00bb show_subject_field=\u00a0\u00bbyes\u00a0\u00bb subject_title=\u00a0\u00bbSUJET :\u00a0\u00bb submit_title=\u00a0\u00bbENVOYER\u00a0\u00bb submit_success=\u00a0\u00bbVotre message a \u00e9t\u00e9 envoy\u00e9.\u00a0\u00bb alert_errors=\u00a0\u00bb\u00a0\u00bb css=\u00a0\u00bb.vc_custom_1636038759042{background-color: #ffffff !important;border-radius: 2px !important;}\u00a0\u00bb email_receiver=\u00a0\u00bbinfo@bplusa.eu\u00a0\u00bb][\/vc_column][vc_column width=\u00a0\u00bb1\/2&Prime;][vc_gmaps link=\u00a0\u00bb#E-8_JTNDaWZyYW1lJTIwc3JjJTNEJTIyaHR0cHMlM0ElMkYlMkZ3d3cuZ29vZ2xlLmNvbSUyRm1hcHMlMkZlbWJlZCUzRnBiJTNEJTIxMW0xOCUyMTFtMTIlMjExbTMlMjExZDI2MjUuMjYyMTUwMDc3NTU1JTIxMmQyLjM5MDQwOTUxNTY3NDIwNyUyMTNkNDguODUzMjExMjc5Mjg3MDMlMjEybTMlMjExZjAlMjEyZjAlMjEzZjAlMjEzbTIlMjExaTEwMjQlMjEyaTc2OCUyMTRmMTMuMSUyMTNtMyUyMTFtMiUyMTFzMHg0N2U2NzI3NWFlZGQwOTRiJTI1M0EweGQzNjZmOWZmOTFhMGI5YjYlMjEyczYxJTJCQXZlbnVlJTJCUGhpbGlwcGUtQXVndXN0ZSUyNTJDJTJCNzUwMTElMkJQYXJpcyUyMTVlMCUyMTNtMiUyMTFzZnIlMjEyc2ZyJTIxNHYxNTQzMTQ2MjI3NDA2JTIyJTIwd2lkdGglM0QlMjI2MDAlMjIlMjBoZWlnaHQlM0QlMjI0MzAlMjIlMjBmcmFtZWJvcmRlciUzRCUyMjAlMjIlMjBzdHlsZSUzRCUyMmJvcmRlciUzQTAlMjIlMjBhbGxvd2Z1bGxzY3JlZW4lM0UlM0MlMkZpZnJhbWUlM0U=\u00a0\u00bb el_class=\u00a0\u00bbmap_contact\u00a0\u00bb css=\u00a0\u00bb.vc_custom_1550762928862{margin-top: 25px !important;}\u00a0\u00bb][\/vc_column][\/vc_row][vc_row][vc_column css=\u00a0\u00bb.vc_custom_1543396019124{margin-top: 5% !important;}\u00a0\u00bb][vc_column_text]<\/p>\n<h4 style=\"text-align: center;\"><strong>61 Avenue Philippe Auguste &#8211;\u00a0<\/strong><strong>75011 Paris<\/strong><\/h4>\n<h4 style=\"text-align: center;\"><strong>+33 (0)1 40 18 72 72<\/strong><\/h4>\n<h2 style=\"text-align: center;\"><\/h2>\n<p>[\/vc_column_text][\/vc_column][\/vc_row]<\/p>\n","protected":false},"excerpt":{"rendered":"<p>[vc_row gap=\u00a0\u00bb30&Prime; css=\u00a0\u00bb.vc_custom_1545052928980{margin-top: 0px !important;}\u00a0\u00bb][vc_column width=\u00a0\u00bb1\/2&Prime;][lab_contact_form name_title=\u00a0\u00bbNOM PR\u00c9NOM :\u00a0\u00bb email_title=\u00a0\u00bbE-MAIL :\u00a0\u00bb message_title=\u00a0\u00bbMESSAGE :\u00a0\u00bb show_subject_field=\u00a0\u00bbyes\u00a0\u00bb subject_title=\u00a0\u00bbSUJET :\u00a0\u00bb submit_title=\u00a0\u00bbENVOYER\u00a0\u00bb submit_success=\u00a0\u00bbVotre message a \u00e9t\u00e9 envoy\u00e9.\u00a0\u00bb alert_errors=\u00a0\u00bb\u00a0\u00bb css=\u00a0\u00bb.vc_custom_1636038759042{background-color: #ffffff !important;border-radius: 2px !important;}\u00a0\u00bb email_receiver=\u00a0\u00bbinfo@bplusa.eu\u00a0\u00bb][\/vc_column][vc_column width=\u00a0\u00bb1\/2&Prime;][vc_gmaps link=\u00a0\u00bb#E-8_JTNDaWZyYW1lJTIwc3JjJTNEJTIyaHR0cHMlM0ElMkYlMkZ3d3cuZ29vZ2xlLmNvbSUyRm1hcHMlMkZlbWJlZCUzRnBiJTNEJTIxMW0xOCUyMTFtMTIlMjExbTMlMjExZDI2MjUuMjYyMTUwMDc3NTU1JTIxMmQyLjM5MDQwOTUxNTY3NDIwNyUyMTNkNDguODUzMjExMjc5Mjg3MDMlMjEybTMlMjExZjAlMjEyZjAlMjEzZjAlMjEzbTIlMjExaTEwMjQlMjEyaTc2OCUyMTRmMTMuMSUyMTNtMyUyMTFtMiUyMTFzMHg0N2U2NzI3NWFlZGQwOTRiJTI1M0EweGQzNjZmOWZmOTFhMGI5YjYlMjEyczYxJTJCQXZlbnVlJTJCUGhpbGlwcGUtQXVndXN0ZSUyNTJDJTJCNzUwMTElMkJQYXJpcyUyMTVlMCUyMTNtMiUyMTFzZnIlMjEyc2ZyJTIxNHYxNTQzMTQ2MjI3NDA2JTIyJTIwd2lkdGglM0QlMjI2MDAlMjIlMjBoZWlnaHQlM0QlMjI0MzAlMjIlMjBmcmFtZWJvcmRlciUzRCUyMjAlMjIlMjBzdHlsZSUzRCUyMmJvcmRlciUzQTAlMjIlMjBhbGxvd2Z1bGxzY3JlZW4lM0UlM0MlMkZpZnJhbWUlM0U=\u00a0\u00bb el_class=\u00a0\u00bbmap_contact\u00a0\u00bb css=\u00a0\u00bb.vc_custom_1550762928862{margin-top: 25px !important;}\u00a0\u00bb][\/vc_column][\/vc_row][vc_row][vc_column css=\u00a0\u00bb.vc_custom_1543396019124{margin-top: 5% !important;}\u00a0\u00bb][vc_column_text] 61 Avenue Philippe Auguste &#8211;\u00a075011 Paris +33 (0)1 40 18 72 72 [\/vc_column_text][\/vc_column][\/vc_row]<\/p>\n","protected":false},"author":1,"featured_media":0,"parent":0,"menu_order":0,"comment_status":"open","ping_status":"open","template":"","meta":[],"_links":{"self":[{"href":"https:\/\/bplusa.eu\/fr\/wp-json\/wp\/v2\/pages\/2261\/"}],"collection":[{"href":"https:\/\/bplusa.eu\/fr\/wp-json\/wp\/v2\/pages\/"}],"about":[{"href":"https:\/\/bplusa.eu\/fr\/wp-json\/wp\/v2\/types\/page\/"}],"author":[{"embeddable":true,"href":"https:\/\/bplusa.eu\/fr\/wp-json\/wp\/v2\/users\/1\/"}],"replies":[{"embeddable":true,"href":"https:\/\/bplusa.eu\/fr\/wp-json\/wp\/v2\/comments\/?post=2261"}],"version-history":[{"count":32,"href":"https:\/\/bplusa.eu\/fr\/wp-json\/wp\/v2\/pages\/2261\/revisions\/"}],"predecessor-version":[{"id":10565,"href":"https:\/\/bplusa.eu\/fr\/wp-json\/wp\/v2\/pages\/2261\/revisions\/10565\/"}],"wp:attachment":[{"href":"https:\/\/bplusa.eu\/fr\/wp-json\/wp\/v2\/media\/?parent=2261"}],"curies":[{"name":"wp","href":"https:\/\/api.w.org\/{rel}","templated":true}]}}